{"id":606,"date":"2016-10-20T04:20:43","date_gmt":"2016-10-20T04:20:43","guid":{"rendered":"http:\/\/desprevaccin.ro\/?page_id=606"},"modified":"2016-11-15T19:00:08","modified_gmt":"2016-11-15T17:00:08","slug":"vaccinarea-si-calatoriile","status":"publish","type":"page","link":"https:\/\/provaccin.ro\/desprevaccin\/vaccinarea-si-calatoriile\/","title":{"rendered":"Vaccinarea \u0219i c\u0103l\u0103toriile"},"content":{"rendered":"<\/div><\/div><\/div><!-- close content main div --><\/div><\/div><div id='av_section_1' class='avia-section main_color avia-section-huge avia-no-border-styling avia-full-stretch av-parallax-section av-section-color-overlay-active avia-bg-style-parallax  av-minimum-height av-minimum-height-50 container_wrap fullsize'  data-section-bg-repeat='stretch' ><div class='av-parallax' data-avia-parallax-ratio='0.3' ><div class='av-parallax-inner main_color  avia-full-stretch' style = 'background-repeat: no-repeat; background-image: url(https:\/\/provaccin.ro\/desprevaccin\/wp-content\/uploads\/2016\/10\/calatorie-vaccin-1500x1001.jpeg); background-attachment: scroll; background-position: top center; ' ><\/div><\/div><div class='av-section-color-overlay-wrap'><div class='av-section-color-overlay' style='opacity: 0.7; background-color: #177e89; '><\/div><a href='#next-section' title='' class='scroll-down-link' aria-hidden='true' data-av_icon='\ue877' data-av_iconfont='entypo-fontello'><\/a><div class='container' ><div class='template-page content  av-content-full alpha units'><div class='post-entry post-entry-type-page post-entry-606'><div class='entry-content-wrapper clearfix'>\n<div class=\"flex_column av_one_fifth  flex_column_div first  \" ><\/div><div class=\"flex_column av_three_fifth  flex_column_div av-zero-column-padding   \" style='border-radius:0px; '><p><div style='padding-bottom:10px;color:#ffffff;font-size:40px;' class='av-special-heading av-special-heading-h1 custom-color-heading blockquote modern-quote modern-centered  av-inherit-size'><h1 class='av-special-heading-tag'  itemprop=\"headline\"  >Cum ne protej\u0103m de \u00eemboln\u0103viri \u00een c\u0103l\u0103torii<\/h1><div class='special-heading-border'><div class='special-heading-inner-border' style='border-color:#ffffff'><\/div><\/div><\/div><br \/>\n<div style=' margin-top:40px; margin-bottom:40px;'  class='hr hr-custom hr-center hr-icon-no '><span class='hr-inner   inner-border-av-border-fat' style=' width:50px; border-color:#ffffff;' ><span class='hr-inner-style'><\/span><\/span><\/div><\/p><\/div><div class=\"flex_column av_one_fifth  flex_column_div av-zero-column-padding   \" style='border-radius:0px; '><\/div>\n\n<div style='padding-bottom:10px;font-size:40px;' class='av-special-heading av-special-heading-h3  blockquote modern-quote modern-centered   av-inherit-size'><h3 class='av-special-heading-tag'  itemprop=\"headline\"  >Chiar dac\u0103 e\u0219ti \u00een vacan\u021b\u0103, nu risca.<br \/>\nAi grij\u0103 de s\u0103n\u0103tatea ta \u0219i a celor dragi! <\/h3><div class='special-heading-border'><div class='special-heading-inner-border' ><\/div><\/div><\/div>\n<\/div><\/div><\/div><!-- close content main div --><\/div><\/div><\/div><div id='av_section_2' class='avia-section main_color avia-section-default avia-no-shadow avia-bg-style-scroll  container_wrap fullsize'   ><div class='container' ><div class='template-page content  av-content-full alpha units'><div class='post-entry post-entry-type-page post-entry-606'><div class='entry-content-wrapper clearfix'>\n<div class=\"flex_column av_one_third  av-animated-generic pop-up  av-hide-on-mobile  flex_column_div first  \" style='padding:30px 0px 0px 0px ; border-radius:0px; '><div class='avia-image-container  av-styling-no-styling   avia-align-right '  itemscope=\"itemscope\" itemtype=\"https:\/\/schema.org\/ImageObject\"  ><div class='avia-image-container-inner'><img class='avia_image ' src='https:\/\/provaccin.ro\/desprevaccin\/wp-content\/uploads\/2016\/10\/travel-vaccin-180x180.png' alt='' title='travel-vaccin'   itemprop=\"contentURL\"  \/><\/div><\/div><\/div><div class=\"flex_column av_two_third  av-animated-generic fade-in  flex_column_div av-zero-column-padding   \" style='border-radius:0px; '><p><div style='padding-bottom:10px;' class='av-special-heading av-special-heading-h3  blockquote modern-quote  '><h3 class='av-special-heading-tag'  itemprop=\"headline\"  >Planificarea \u00eenaintea c\u0103l\u0103toriei<\/h3><div class='special-heading-border'><div class='special-heading-inner-border' ><\/div><\/div><\/div><br \/>\n<div  class='hr hr-short hr-left '><span class='hr-inner ' ><span class='hr-inner-style'><\/span><\/span><\/div><br \/>\n<section class=\"av_textblock_section\"  itemscope=\"itemscope\" itemtype=\"https:\/\/schema.org\/CreativeWork\" ><div class='avia_textblock  av_inherit_color'  style='color:#0a0a0a; '  itemprop=\"text\" ><p>\u00cenainte de c\u0103l\u0103torie, informa\u021bi-v\u0103 asupra riscurilor de \u00eemboln\u0103vire specifice zonelor \u00een care ve\u021bi merge. Puteti folosi site-ul Ministerului Afacerilor Externe pentru a afla care sunt riscurile \u00een fiecare \u021bar\u0103. Dac\u0103 este cazul, nu\u00a0ezita\u021bi s\u0103 lua\u021bi m\u0103suri. Este recomandat un consult medical, pentru a v\u0103 revizui antecedentele medicale \u0219i, eventual, pentru a v\u0103 recupera unele vaccinuri de rutin\u0103. \u00cen plus, trebuie evaluat \u0219i riscul la care a\u021bi putea fi expus, \u00een func\u021bie de \u021bara de destina\u021bie, scopul \u0219i durata c\u0103l\u0103toriei.<\/p>\n<p>Recomandat este s\u0103 v\u0103 programa\u021bi la un cabinet autorizat de vaccin\u0103ri interna\u021bionale cu patru &#8211; opt s\u0103pt\u0103m\u00e2ni \u00eenaintea c\u0103l\u0103toriei, astfel \u00eenc\u00e2t s\u0103 existe o perioad\u0103 optim\u0103 necesar\u0103 pentru completarea schemelor de vaccinare \u0219i\/sau profilaxie pentru malarie.<\/p>\n<\/div><\/section><\/p><\/div><\/div><\/div><\/div><!-- close content main div --><\/div><\/div><div id='av_section_3' class='avia-section main_color avia-section-default avia-no-shadow avia-bg-style-scroll  container_wrap fullsize'   ><div class='container' ><div class='template-page content  av-content-full alpha units'><div class='post-entry post-entry-type-page post-entry-606'><div class='entry-content-wrapper clearfix'>\n<div class=\"flex_column av_two_third  av-animated-generic fade-in  flex_column_div av-zero-column-padding first  \" style='border-radius:0px; '><p><div style='padding-bottom:10px;color:#0a0a0a;' class='av-special-heading av-special-heading-h3 custom-color-heading blockquote modern-quote  '><h3 class='av-special-heading-tag'  itemprop=\"headline\"  >Tipurile de vaccinuri recomandate pentru c\u0103l\u0103tori<\/h3><div class='special-heading-border'><div class='special-heading-inner-border' style='border-color:#0a0a0a'><\/div><\/div><\/div><br \/>\n<div  class='hr hr-short hr-left '><span class='hr-inner ' ><span class='hr-inner-style'><\/span><\/span><\/div><br \/>\n<section class=\"av_textblock_section\"  itemscope=\"itemscope\" itemtype=\"https:\/\/schema.org\/CreativeWork\" ><div class='avia_textblock  av_inherit_color'  style='color:#0a0a0a; '  itemprop=\"text\" ><p>Nu exist\u0103 o schem\u0103 unic\u0103 de vaccinare pentru c\u0103l\u0103torii. Aceasta trebuie personalizat\u0103\u00a0\u00een func\u021bie de antecedentele dumneavoastr\u0103 vaccinale, de \u021bara pe care o ve\u021bi vizita, de tipul \u0219i durata c\u0103l\u0103toriei, precum \u0219i de timpul r\u0103mas p\u00e2n\u0103 la data plec\u0103rii. Num\u0103rul de doze necesare \u0219i\u00a0 r\u0103spunsul imun post \u2013 vaccinare variaz\u0103 \u00een func\u021bie de tipul de vaccin.<\/p>\n<p>Vaccinurile pentru c\u0103l\u0103tori includ:<\/p>\n<ol>\n<li>Vaccinurile de baz\u0103, cuprinse \u00een schema na\u021bional\u0103 de vaccinare (destinate copiilor) \u00een special, dar nu exclusiv,<\/li>\n<li>Vaccinuri recomandate \u00eenaintea c\u0103l\u0103toriei \u00een anumite \u021b\u0103ri \u0219i regiuni,<\/li>\n<li>Vaccinuri obligatorii, conform Regulamentului Sanitar Interna\u021bional.<\/li>\n<\/ol>\n<p>Vaccinurile din calendarul na\u021bional de vaccinare pot necesita doze rapel \u00a0(de re\u00eemprosp\u0103tare a memoriei imune) pentru cei care nu au urmat schema complet\u0103 de vaccinare, care nu au fost vaccina\u021bi, sau \u00a0&#8211; o doz\u0103 de rapel la fiecare zece ani, pentru tetanos.<\/p>\n<p>Pentru profilaxia malariei se recomand\u0103 tratament medicamentos sau m\u0103suri de protec\u021bie ca: haine cu m\u00e2neci lungi, pantaloni lungi \u2013 toate de culoare deschis\u0103, creme \u0219i plas\u0103 de \u021b\u00e2n\u021bari pentru acoperirea patului\u00a0 (plasa trebuie impregnat\u0103 cu insecticide).<\/p>\n<\/div><\/section><\/p><\/div><div class=\"flex_column av_one_third  av-animated-generic pop-up  av-hide-on-mobile  flex_column_div   \" style='padding:30px 0px 0px 0px ; border-radius:0px; '><div class='avia-image-container  av-styling-no-styling   avia-align-left '  itemscope=\"itemscope\" itemtype=\"https:\/\/schema.org\/ImageObject\"  ><div class='avia-image-container-inner'><img class='avia_image ' src='https:\/\/provaccin.ro\/desprevaccin\/wp-content\/uploads\/2016\/10\/vaccin-tipuri-180x180.png' alt='' title='vaccin-tipuri'   itemprop=\"contentURL\"  \/><\/div><\/div><\/div>\n<\/p>\n<\/div><\/div><\/div><!-- close content main div --><\/div><\/div><div id='av_section_4' class='avia-section main_color avia-section-default avia-no-shadow avia-bg-style-scroll  container_wrap fullsize'   ><div class='container' ><div class='template-page content  av-content-full alpha units'><div class='post-entry post-entry-type-page post-entry-606'><div class='entry-content-wrapper clearfix'>\n<div class=\"flex_column av_one_full  flex_column_div av-zero-column-padding first  \" style='border-radius:0px; '><section class=\"av_textblock_section\"  itemscope=\"itemscope\" itemtype=\"https:\/\/schema.org\/CreativeWork\" ><div class='avia_textblock  av_inherit_color'  style='font-size:18px; color:#0a0a0a; '  itemprop=\"text\" ><p style=\"text-align: center;\">Informa\u021bi-v\u0103 despre tipurile de vaccinuri sau despre medica\u021bia profilactic\u0103 ce trebuie administrat\u0103\u00a0\u00eenainte sau \u00een timpul c\u0103l\u0103toriei dumneavoastr\u0103. Pentru acesta, v\u0103 pute\u021bi adresa unui cabinet de vaccin\u0103ri interna\u021bionale pe care \u00eel pute\u021bi g\u0103si acces\u00e2nd\u00a0sec\u021biunea <a href=\"http:\/\/cnscbt.ro\/index.php\/sfaturi-pentru-calatori\" target=\"_blank\">Sfaturi pentru c\u0103l\u0103tori<\/a>\u00a0de pe site-ul CNSCBT.<\/p>\n<\/div><\/section><\/div>\n\n<section class=\"av_textblock_section\"  itemscope=\"itemscope\" itemtype=\"https:\/\/schema.org\/CreativeWork\" ><div class='avia_textblock '   itemprop=\"text\" ><p style=\"text-align: center;\">sursa: <a href=\"http:\/\/vaccinnet.ro\" target=\"_blank\">www.vaccinnet.ro<\/a><\/p>\n<\/div><\/section>\n","protected":false},"excerpt":{"rendered":"","protected":false},"author":1,"featured_media":706,"parent":0,"menu_order":0,"comment_status":"closed","ping_status":"closed","template":"","meta":{"footnotes":""},"yoast_head":"<!-- This site is optimized with the Yoast SEO plugin v21.0 - https:\/\/yoast.com\/wordpress\/plugins\/seo\/ -->\n<title>Vaccinarea \u0219i c\u0103l\u0103toriile - Despre Vaccin<\/title>\n<meta name=\"description\" content=\"Cum ne protejam de boli in timpul calatoriilor. Planificarea \u00eenaintea c\u0103l\u0103toriei. Tipurile de vaccinuri recomandate pentru c\u0103l\u0103tori.\" \/>\n<meta name=\"robots\" content=\"index, follow, max-snippet:-1, max-image-preview:large, max-video-preview:-1\" \/>\n<link rel=\"canonical\" href=\"https:\/\/provaccin.ro\/desprevaccin\/vaccinarea-si-calatoriile\/\" \/>\n<meta property=\"og:locale\" content=\"en_US\" \/>\n<meta property=\"og:type\" content=\"article\" \/>\n<meta property=\"og:title\" content=\"Vaccinarea \u0219i c\u0103l\u0103toriile - Despre Vaccin\" \/>\n<meta property=\"og:description\" content=\"Cum ne protejam de boli in timpul calatoriilor. Planificarea \u00eenaintea c\u0103l\u0103toriei. Tipurile de vaccinuri recomandate pentru c\u0103l\u0103tori.\" \/>\n<meta property=\"og:url\" content=\"https:\/\/provaccin.ro\/desprevaccin\/vaccinarea-si-calatoriile\/\" \/>\n<meta property=\"og:site_name\" content=\"Despre Vaccin\" \/>\n<meta property=\"article:publisher\" content=\"https:\/\/www.facebook.com\/vaccinurilesalveazavieti\" \/>\n<meta property=\"article:modified_time\" content=\"2016-11-15T17:00:08+00:00\" \/>\n<meta property=\"og:image\" content=\"https:\/\/provaccin.ro\/desprevaccin\/wp-content\/uploads\/2016\/10\/calatorie-vaccin-1030x688.jpeg\" \/>\n\t<meta property=\"og:image:width\" content=\"1030\" \/>\n\t<meta property=\"og:image:height\" content=\"688\" \/>\n\t<meta property=\"og:image:type\" content=\"image\/jpeg\" \/>\n<meta name=\"twitter:card\" content=\"summary_large_image\" \/>\n<meta name=\"twitter:label1\" content=\"Est. reading time\" \/>\n\t<meta name=\"twitter:data1\" content=\"8 minutes\" \/>\n<script type=\"application\/ld+json\" class=\"yoast-schema-graph\">{\"@context\":\"https:\/\/schema.org\",\"@graph\":[{\"@type\":\"WebPage\",\"@id\":\"https:\/\/provaccin.ro\/desprevaccin\/vaccinarea-si-calatoriile\/\",\"url\":\"https:\/\/provaccin.ro\/desprevaccin\/vaccinarea-si-calatoriile\/\",\"name\":\"Vaccinarea \u0219i c\u0103l\u0103toriile - Despre Vaccin\",\"isPartOf\":{\"@id\":\"https:\/\/provaccin.ro\/desprevaccin\/#website\"},\"datePublished\":\"2016-10-20T04:20:43+00:00\",\"dateModified\":\"2016-11-15T17:00:08+00:00\",\"description\":\"Cum ne protejam de boli in timpul calatoriilor. Planificarea \u00eenaintea c\u0103l\u0103toriei. Tipurile de vaccinuri recomandate pentru c\u0103l\u0103tori.\",\"breadcrumb\":{\"@id\":\"https:\/\/provaccin.ro\/desprevaccin\/vaccinarea-si-calatoriile\/#breadcrumb\"},\"inLanguage\":\"en-US\",\"potentialAction\":[{\"@type\":\"ReadAction\",\"target\":[\"https:\/\/provaccin.ro\/desprevaccin\/vaccinarea-si-calatoriile\/\"]}]},{\"@type\":\"BreadcrumbList\",\"@id\":\"https:\/\/provaccin.ro\/desprevaccin\/vaccinarea-si-calatoriile\/#breadcrumb\",\"itemListElement\":[{\"@type\":\"ListItem\",\"position\":1,\"name\":\"Prima pagin\u0103\",\"item\":\"https:\/\/provaccin.ro\/desprevaccin\/despre-vaccin\/\"},{\"@type\":\"ListItem\",\"position\":2,\"name\":\"Vaccinarea \u0219i c\u0103l\u0103toriile\"}]},{\"@type\":\"WebSite\",\"@id\":\"https:\/\/provaccin.ro\/desprevaccin\/#website\",\"url\":\"https:\/\/provaccin.ro\/desprevaccin\/\",\"name\":\"Despre Vaccin\",\"description\":\"Vaccinurile salveaz\u0103 vie\u021bi\",\"potentialAction\":[{\"@type\":\"SearchAction\",\"target\":{\"@type\":\"EntryPoint\",\"urlTemplate\":\"https:\/\/provaccin.ro\/desprevaccin\/?s={search_term_string}\"},\"query-input\":\"required name=search_term_string\"}],\"inLanguage\":\"en-US\"}]}<\/script>\n<!-- \/ Yoast SEO plugin. -->","yoast_head_json":{"title":"Vaccinarea \u0219i c\u0103l\u0103toriile - Despre Vaccin","description":"Cum ne protejam de boli in timpul calatoriilor. Planificarea \u00eenaintea c\u0103l\u0103toriei. Tipurile de vaccinuri recomandate pentru c\u0103l\u0103tori.","robots":{"index":"index","follow":"follow","max-snippet":"max-snippet:-1","max-image-preview":"max-image-preview:large","max-video-preview":"max-video-preview:-1"},"canonical":"https:\/\/provaccin.ro\/desprevaccin\/vaccinarea-si-calatoriile\/","og_locale":"en_US","og_type":"article","og_title":"Vaccinarea \u0219i c\u0103l\u0103toriile - Despre Vaccin","og_description":"Cum ne protejam de boli in timpul calatoriilor. Planificarea \u00eenaintea c\u0103l\u0103toriei. Tipurile de vaccinuri recomandate pentru c\u0103l\u0103tori.","og_url":"https:\/\/provaccin.ro\/desprevaccin\/vaccinarea-si-calatoriile\/","og_site_name":"Despre Vaccin","article_publisher":"https:\/\/www.facebook.com\/vaccinurilesalveazavieti","article_modified_time":"2016-11-15T17:00:08+00:00","og_image":[{"width":1030,"height":688,"url":"https:\/\/provaccin.ro\/desprevaccin\/wp-content\/uploads\/2016\/10\/calatorie-vaccin-1030x688.jpeg","type":"image\/jpeg"}],"twitter_card":"summary_large_image","twitter_misc":{"Est. reading time":"8 minutes"},"schema":{"@context":"https:\/\/schema.org","@graph":[{"@type":"WebPage","@id":"https:\/\/provaccin.ro\/desprevaccin\/vaccinarea-si-calatoriile\/","url":"https:\/\/provaccin.ro\/desprevaccin\/vaccinarea-si-calatoriile\/","name":"Vaccinarea \u0219i c\u0103l\u0103toriile - Despre Vaccin","isPartOf":{"@id":"https:\/\/provaccin.ro\/desprevaccin\/#website"},"datePublished":"2016-10-20T04:20:43+00:00","dateModified":"2016-11-15T17:00:08+00:00","description":"Cum ne protejam de boli in timpul calatoriilor. Planificarea \u00eenaintea c\u0103l\u0103toriei. Tipurile de vaccinuri recomandate pentru c\u0103l\u0103tori.","breadcrumb":{"@id":"https:\/\/provaccin.ro\/desprevaccin\/vaccinarea-si-calatoriile\/#breadcrumb"},"inLanguage":"en-US","potentialAction":[{"@type":"ReadAction","target":["https:\/\/provaccin.ro\/desprevaccin\/vaccinarea-si-calatoriile\/"]}]},{"@type":"BreadcrumbList","@id":"https:\/\/provaccin.ro\/desprevaccin\/vaccinarea-si-calatoriile\/#breadcrumb","itemListElement":[{"@type":"ListItem","position":1,"name":"Prima pagin\u0103","item":"https:\/\/provaccin.ro\/desprevaccin\/despre-vaccin\/"},{"@type":"ListItem","position":2,"name":"Vaccinarea \u0219i c\u0103l\u0103toriile"}]},{"@type":"WebSite","@id":"https:\/\/provaccin.ro\/desprevaccin\/#website","url":"https:\/\/provaccin.ro\/desprevaccin\/","name":"Despre Vaccin","description":"Vaccinurile salveaz\u0103 vie\u021bi","potentialAction":[{"@type":"SearchAction","target":{"@type":"EntryPoint","urlTemplate":"https:\/\/provaccin.ro\/desprevaccin\/?s={search_term_string}"},"query-input":"required name=search_term_string"}],"inLanguage":"en-US"}]}},"_links":{"self":[{"href":"https:\/\/provaccin.ro\/desprevaccin\/wp-json\/wp\/v2\/pages\/606"}],"collection":[{"href":"https:\/\/provaccin.ro\/desprevaccin\/wp-json\/wp\/v2\/pages"}],"about":[{"href":"https:\/\/provaccin.ro\/desprevaccin\/wp-json\/wp\/v2\/types\/page"}],"author":[{"embeddable":true,"href":"https:\/\/provaccin.ro\/desprevaccin\/wp-json\/wp\/v2\/users\/1"}],"replies":[{"embeddable":true,"href":"https:\/\/provaccin.ro\/desprevaccin\/wp-json\/wp\/v2\/comments?post=606"}],"version-history":[{"count":43,"href":"https:\/\/provaccin.ro\/desprevaccin\/wp-json\/wp\/v2\/pages\/606\/revisions"}],"predecessor-version":[{"id":3401,"href":"https:\/\/provaccin.ro\/desprevaccin\/wp-json\/wp\/v2\/pages\/606\/revisions\/3401"}],"wp:featuredmedia":[{"embeddable":true,"href":"https:\/\/provaccin.ro\/desprevaccin\/wp-json\/wp\/v2\/media\/706"}],"wp:attachment":[{"href":"https:\/\/provaccin.ro\/desprevaccin\/wp-json\/wp\/v2\/media?parent=606"}],"curies":[{"name":"wp","href":"https:\/\/api.w.org\/{rel}","templated":true}]}}