{"id":2495,"date":"2016-11-06T16:16:05","date_gmt":"2016-11-06T14:16:05","guid":{"rendered":"http:\/\/desprevaccin.ro\/?page_id=2495"},"modified":"2016-11-09T10:57:07","modified_gmt":"2016-11-09T08:57:07","slug":"istoria-vaccinurilor","status":"publish","type":"page","link":"https:\/\/provaccin.ro\/desprevaccin\/istoria-vaccinurilor\/","title":{"rendered":"Istoria vaccinurilor"},"content":{"rendered":"<\/div><\/div><\/div><!-- close content main div --><\/div><\/div><div id='av_section_1' class='avia-section main_color avia-section-default avia-no-shadow av-parallax-section av-section-color-overlay-active avia-bg-style-parallax  av-minimum-height av-minimum-height-50 container_wrap fullsize'  data-section-bg-repeat='no-repeat' ><div class='av-parallax' data-avia-parallax-ratio='0.3' ><div class='av-parallax-inner main_color  avia-full-stretch' style = 'background-repeat: no-repeat; background-image: url(https:\/\/provaccin.ro\/desprevaccin\/wp-content\/uploads\/2016\/11\/istoric-vaccin-1500x1000.jpeg); background-attachment: scroll; background-position: bottom center; ' ><\/div><\/div><div class='av-section-color-overlay-wrap'><div class='av-section-color-overlay' style='opacity: 0.7; background-color: #177e89; '><\/div><div class='container' ><div class='template-page content  av-content-full alpha units'><div class='post-entry post-entry-type-page post-entry-2495'><div class='entry-content-wrapper clearfix'>\n<div style='padding-bottom:30px;color:#ffffff;font-size:50px;' class='av-special-heading av-special-heading-h2 custom-color-heading blockquote modern-quote modern-centered  av-inherit-size'><h2 class='av-special-heading-tag'  itemprop=\"headline\"  >Istoria vaccin\u0103rii<\/h2><div class='special-heading-border'><div class='special-heading-inner-border' style='border-color:#ffffff'><\/div><\/div><\/div>\n<div class=\"flex_column av_one_full  flex_column_div av-zero-column-padding first  \" style='border-radius:0px; '><section class=\"avia_codeblock_section avia_code_block_0\"  itemscope=\"itemscope\" itemtype=\"https:\/\/schema.org\/CreativeWork\" ><div class='avia_codeblock '  itemprop=\"text\" > [avia_codeblock_placeholder uid=\"0\"] <\/div><\/section><br \/>\n<section class=\"av_textblock_section\"  itemscope=\"itemscope\" itemtype=\"https:\/\/schema.org\/CreativeWork\" ><div class='avia_textblock '   itemprop=\"text\" ><p style=\"text-align: center;\">sursa:\u00a0<a href=\"https:\/\/www.facebook.com\/RomaniaSanatoasaCoalitie\/\" target=\"_blank\">Coali\u021bia Rom\u00e2nia S\u0103n\u0103toas\u0103<\/a><\/p>\n<\/div><\/section><\/p><\/div><\/p>\n","protected":false},"excerpt":{"rendered":"","protected":false},"author":1,"featured_media":2753,"parent":0,"menu_order":0,"comment_status":"closed","ping_status":"closed","template":"","meta":{"footnotes":""},"yoast_head":"<!-- This site is optimized with the Yoast SEO plugin v21.0 - https:\/\/yoast.com\/wordpress\/plugins\/seo\/ -->\n<title>Istoria vaccinurilor - Despre Vaccin<\/title>\n<meta name=\"description\" content=\"Prima epidemie de variol\u0103 documentat\u0103 istoric face ravagii de ambele p\u0103r\u021bi, \u00een timpul r\u0103zboiului dintre egipteni \u0219i hiti\u021bi.Epidemia de variol\u0103 love\u0219te ...\" \/>\n<meta name=\"robots\" content=\"index, follow, max-snippet:-1, max-image-preview:large, max-video-preview:-1\" \/>\n<link rel=\"canonical\" href=\"https:\/\/provaccin.ro\/desprevaccin\/istoria-vaccinurilor\/\" \/>\n<meta property=\"og:locale\" content=\"en_US\" \/>\n<meta property=\"og:type\" content=\"article\" \/>\n<meta property=\"og:title\" content=\"Istoria vaccinurilor - Despre Vaccin\" \/>\n<meta property=\"og:description\" content=\"Prima epidemie de variol\u0103 documentat\u0103 istoric face ravagii de ambele p\u0103r\u021bi, \u00een timpul r\u0103zboiului dintre egipteni \u0219i hiti\u021bi.Epidemia de variol\u0103 love\u0219te ...\" \/>\n<meta property=\"og:url\" content=\"https:\/\/provaccin.ro\/desprevaccin\/istoria-vaccinurilor\/\" \/>\n<meta property=\"og:site_name\" content=\"Despre Vaccin\" \/>\n<meta property=\"article:publisher\" content=\"https:\/\/www.facebook.com\/vaccinurilesalveazavieti\" \/>\n<meta property=\"article:modified_time\" content=\"2016-11-09T08:57:07+00:00\" \/>\n<meta property=\"og:image\" content=\"https:\/\/provaccin.ro\/desprevaccin\/wp-content\/uploads\/2016\/11\/istoric-vaccin-1030x687.jpeg\" \/>\n\t<meta property=\"og:image:width\" content=\"1030\" \/>\n\t<meta property=\"og:image:height\" content=\"687\" \/>\n\t<meta property=\"og:image:type\" content=\"image\/jpeg\" \/>\n<meta name=\"twitter:card\" content=\"summary_large_image\" \/>\n<meta name=\"twitter:label1\" content=\"Est. reading time\" \/>\n\t<meta name=\"twitter:data1\" content=\"9 minutes\" \/>\n<script type=\"application\/ld+json\" class=\"yoast-schema-graph\">{\"@context\":\"https:\/\/schema.org\",\"@graph\":[{\"@type\":\"WebPage\",\"@id\":\"https:\/\/provaccin.ro\/desprevaccin\/istoria-vaccinurilor\/\",\"url\":\"https:\/\/provaccin.ro\/desprevaccin\/istoria-vaccinurilor\/\",\"name\":\"Istoria vaccinurilor - Despre Vaccin\",\"isPartOf\":{\"@id\":\"https:\/\/provaccin.ro\/desprevaccin\/#website\"},\"datePublished\":\"2016-11-06T14:16:05+00:00\",\"dateModified\":\"2016-11-09T08:57:07+00:00\",\"description\":\"Prima epidemie de variol\u0103 documentat\u0103 istoric face ravagii de ambele p\u0103r\u021bi, \u00een timpul r\u0103zboiului dintre egipteni \u0219i hiti\u021bi.Epidemia de variol\u0103 love\u0219te ...\",\"breadcrumb\":{\"@id\":\"https:\/\/provaccin.ro\/desprevaccin\/istoria-vaccinurilor\/#breadcrumb\"},\"inLanguage\":\"en-US\",\"potentialAction\":[{\"@type\":\"ReadAction\",\"target\":[\"https:\/\/provaccin.ro\/desprevaccin\/istoria-vaccinurilor\/\"]}]},{\"@type\":\"BreadcrumbList\",\"@id\":\"https:\/\/provaccin.ro\/desprevaccin\/istoria-vaccinurilor\/#breadcrumb\",\"itemListElement\":[{\"@type\":\"ListItem\",\"position\":1,\"name\":\"Prima pagin\u0103\",\"item\":\"https:\/\/provaccin.ro\/desprevaccin\/despre-vaccin\/\"},{\"@type\":\"ListItem\",\"position\":2,\"name\":\"Istoria vaccinurilor\"}]},{\"@type\":\"WebSite\",\"@id\":\"https:\/\/provaccin.ro\/desprevaccin\/#website\",\"url\":\"https:\/\/provaccin.ro\/desprevaccin\/\",\"name\":\"Despre Vaccin\",\"description\":\"Vaccinurile salveaz\u0103 vie\u021bi\",\"potentialAction\":[{\"@type\":\"SearchAction\",\"target\":{\"@type\":\"EntryPoint\",\"urlTemplate\":\"https:\/\/provaccin.ro\/desprevaccin\/?s={search_term_string}\"},\"query-input\":\"required name=search_term_string\"}],\"inLanguage\":\"en-US\"}]}<\/script>\n<!-- \/ Yoast SEO plugin. -->","yoast_head_json":{"title":"Istoria vaccinurilor - Despre Vaccin","description":"Prima epidemie de variol\u0103 documentat\u0103 istoric face ravagii de ambele p\u0103r\u021bi, \u00een timpul r\u0103zboiului dintre egipteni \u0219i hiti\u021bi.Epidemia de variol\u0103 love\u0219te ...","robots":{"index":"index","follow":"follow","max-snippet":"max-snippet:-1","max-image-preview":"max-image-preview:large","max-video-preview":"max-video-preview:-1"},"canonical":"https:\/\/provaccin.ro\/desprevaccin\/istoria-vaccinurilor\/","og_locale":"en_US","og_type":"article","og_title":"Istoria vaccinurilor - Despre Vaccin","og_description":"Prima epidemie de variol\u0103 documentat\u0103 istoric face ravagii de ambele p\u0103r\u021bi, \u00een timpul r\u0103zboiului dintre egipteni \u0219i hiti\u021bi.Epidemia de variol\u0103 love\u0219te ...","og_url":"https:\/\/provaccin.ro\/desprevaccin\/istoria-vaccinurilor\/","og_site_name":"Despre Vaccin","article_publisher":"https:\/\/www.facebook.com\/vaccinurilesalveazavieti","article_modified_time":"2016-11-09T08:57:07+00:00","og_image":[{"width":1030,"height":687,"url":"https:\/\/provaccin.ro\/desprevaccin\/wp-content\/uploads\/2016\/11\/istoric-vaccin-1030x687.jpeg","type":"image\/jpeg"}],"twitter_card":"summary_large_image","twitter_misc":{"Est. reading time":"9 minutes"},"schema":{"@context":"https:\/\/schema.org","@graph":[{"@type":"WebPage","@id":"https:\/\/provaccin.ro\/desprevaccin\/istoria-vaccinurilor\/","url":"https:\/\/provaccin.ro\/desprevaccin\/istoria-vaccinurilor\/","name":"Istoria vaccinurilor - Despre Vaccin","isPartOf":{"@id":"https:\/\/provaccin.ro\/desprevaccin\/#website"},"datePublished":"2016-11-06T14:16:05+00:00","dateModified":"2016-11-09T08:57:07+00:00","description":"Prima epidemie de variol\u0103 documentat\u0103 istoric face ravagii de ambele p\u0103r\u021bi, \u00een timpul r\u0103zboiului dintre egipteni \u0219i hiti\u021bi.Epidemia de variol\u0103 love\u0219te ...","breadcrumb":{"@id":"https:\/\/provaccin.ro\/desprevaccin\/istoria-vaccinurilor\/#breadcrumb"},"inLanguage":"en-US","potentialAction":[{"@type":"ReadAction","target":["https:\/\/provaccin.ro\/desprevaccin\/istoria-vaccinurilor\/"]}]},{"@type":"BreadcrumbList","@id":"https:\/\/provaccin.ro\/desprevaccin\/istoria-vaccinurilor\/#breadcrumb","itemListElement":[{"@type":"ListItem","position":1,"name":"Prima pagin\u0103","item":"https:\/\/provaccin.ro\/desprevaccin\/despre-vaccin\/"},{"@type":"ListItem","position":2,"name":"Istoria vaccinurilor"}]},{"@type":"WebSite","@id":"https:\/\/provaccin.ro\/desprevaccin\/#website","url":"https:\/\/provaccin.ro\/desprevaccin\/","name":"Despre Vaccin","description":"Vaccinurile salveaz\u0103 vie\u021bi","potentialAction":[{"@type":"SearchAction","target":{"@type":"EntryPoint","urlTemplate":"https:\/\/provaccin.ro\/desprevaccin\/?s={search_term_string}"},"query-input":"required name=search_term_string"}],"inLanguage":"en-US"}]}},"_links":{"self":[{"href":"https:\/\/provaccin.ro\/desprevaccin\/wp-json\/wp\/v2\/pages\/2495"}],"collection":[{"href":"https:\/\/provaccin.ro\/desprevaccin\/wp-json\/wp\/v2\/pages"}],"about":[{"href":"https:\/\/provaccin.ro\/desprevaccin\/wp-json\/wp\/v2\/types\/page"}],"author":[{"embeddable":true,"href":"https:\/\/provaccin.ro\/desprevaccin\/wp-json\/wp\/v2\/users\/1"}],"replies":[{"embeddable":true,"href":"https:\/\/provaccin.ro\/desprevaccin\/wp-json\/wp\/v2\/comments?post=2495"}],"version-history":[{"count":50,"href":"https:\/\/provaccin.ro\/desprevaccin\/wp-json\/wp\/v2\/pages\/2495\/revisions"}],"predecessor-version":[{"id":3304,"href":"https:\/\/provaccin.ro\/desprevaccin\/wp-json\/wp\/v2\/pages\/2495\/revisions\/3304"}],"wp:featuredmedia":[{"embeddable":true,"href":"https:\/\/provaccin.ro\/desprevaccin\/wp-json\/wp\/v2\/media\/2753"}],"wp:attachment":[{"href":"https:\/\/provaccin.ro\/desprevaccin\/wp-json\/wp\/v2\/media?parent=2495"}],"curies":[{"name":"wp","href":"https:\/\/api.w.org\/{rel}","templated":true}]}}