{"id":1162,"date":"2016-10-26T13:45:24","date_gmt":"2016-10-26T13:45:24","guid":{"rendered":"http:\/\/desprevaccin.ro\/?page_id=1162"},"modified":"2016-11-09T19:38:03","modified_gmt":"2016-11-09T17:38:03","slug":"link-uri-utile","status":"publish","type":"page","link":"https:\/\/provaccin.ro\/desprevaccin\/link-uri-utile\/","title":{"rendered":"Link-uri utile"},"content":{"rendered":"<\/div><\/div><\/div><!-- close content main div --><\/div><\/div><div id='av_section_1' class='avia-section main_color avia-section-huge avia-no-border-styling avia-full-stretch av-parallax-section av-section-color-overlay-active avia-bg-style-parallax  av-minimum-height av-minimum-height-50 container_wrap fullsize'  data-section-bg-repeat='stretch' ><div class='av-parallax' data-avia-parallax-ratio='0.3' ><div class='av-parallax-inner main_color  avia-full-stretch' style = 'background-repeat: no-repeat; background-image: url(https:\/\/provaccin.ro\/desprevaccin\/wp-content\/uploads\/2016\/10\/links-1500x968.jpeg); background-attachment: scroll; background-position: center center; ' ><\/div><\/div><div class='av-section-color-overlay-wrap'><div class='av-section-color-overlay' style='opacity: 0.7; background-color: #177e89; '><\/div><a href='#next-section' title='' class='scroll-down-link' aria-hidden='true' data-av_icon='\ue877' data-av_iconfont='entypo-fontello'><\/a><div class='container' ><div class='template-page content  av-content-full alpha units'><div class='post-entry post-entry-type-page post-entry-1162'><div class='entry-content-wrapper clearfix'>\n<div class=\"flex_column av_one_fifth  flex_column_div first  \" ><\/div><div class=\"flex_column av_three_fifth  flex_column_div av-zero-column-padding   \" style='border-radius:0px; '><p><div style='padding-bottom:10px;color:#ffffff;font-size:40px;' class='av-special-heading av-special-heading-h1 custom-color-heading blockquote modern-quote modern-centered  av-inherit-size'><h1 class='av-special-heading-tag'  itemprop=\"headline\"  >Link-uri utile<\/h1><div class='special-heading-border'><div class='special-heading-inner-border' style='border-color:#ffffff'><\/div><\/div><\/div><br \/>\n<div style=' margin-top:40px; margin-bottom:40px;'  class='hr hr-custom hr-center hr-icon-no '><span class='hr-inner   inner-border-av-border-fat' style=' width:50px; border-color:#ffffff;' ><span class='hr-inner-style'><\/span><\/span><\/div><\/p><\/div><div class=\"flex_column av_one_fifth  flex_column_div av-zero-column-padding   \" style='border-radius:0px; '><\/div>\n\n<div class=\"flex_column av_one_full  flex_column_div av-zero-column-padding first  \" style='border-radius:0px; '><div style='padding-bottom:10px;font-size:40px;' class='av-special-heading av-special-heading-h3  blockquote modern-quote modern-centered  av-inherit-size'><h3 class='av-special-heading-tag'  itemprop=\"headline\"  >Accesa\u021bi link-urile de mai jos, pentru mai multe informa\u021bii despre vaccinuri \u0219i vaccinare<\/h3><div class='special-heading-border'><div class='special-heading-inner-border' ><\/div><\/div><\/div><\/div>\n<div class=\"flex_column av_one_full  flex_column_div av-zero-column-padding first  \" style='border-radius:0px; '><div class='avia-icon-list-container '><ul class='avia-icon-list avia-icon-list-left av-iconlist-big avia_animate_when_almost_visible'>\n<li><a href='http:\/\/www.ms.ro\/' title='Ministerul S\u0103n\u0103t\u0103\u021bii'  target=\"_blank\"   class='iconlist_icon avia-font-entypo-fontello'><span class='iconlist-char' aria-hidden='true' data-av_icon='\ue822' data-av_iconfont='entypo-fontello'><\/span><\/a><article class=\"article-icon-entry av-iconlist-empty\"  itemscope=\"itemscope\" itemtype=\"https:\/\/schema.org\/CreativeWork\" ><div class='iconlist_content_wrap'><header class=\"entry-content-header\"><h4 class='iconlist_title'  itemprop=\"headline\"  ><a href='http:\/\/www.ms.ro\/' title='Ministerul S\u0103n\u0103t\u0103\u021bii' target=\"_blank\" >Ministerul S\u0103n\u0103t\u0103\u021bii<\/a><\/h4><\/header><div class='iconlist_content '  itemprop=\"text\"  ><\/div><\/div><footer class=\"entry-footer\"><\/footer><\/article><div class='iconlist-timeline'><\/div><\/li>\n<li><a href='http:\/\/insp.gov.ro\/' title='Institutul Na\u021bional de S\u0103n\u0103tate Public\u0103'  target=\"_blank\"   class='iconlist_icon avia-font-entypo-fontello'><span class='iconlist-char' aria-hidden='true' data-av_icon='\ue822' data-av_iconfont='entypo-fontello'><\/span><\/a><article class=\"article-icon-entry av-iconlist-empty\"  itemscope=\"itemscope\" itemtype=\"https:\/\/schema.org\/CreativeWork\" ><div class='iconlist_content_wrap'><header class=\"entry-content-header\"><h4 class='iconlist_title'  itemprop=\"headline\"  ><a href='http:\/\/insp.gov.ro\/' title='Institutul Na\u021bional de S\u0103n\u0103tate Public\u0103' target=\"_blank\" >Institutul Na\u021bional de S\u0103n\u0103tate Public\u0103<\/a><\/h4><\/header><div class='iconlist_content '  itemprop=\"text\"  ><\/div><\/div><footer class=\"entry-footer\"><\/footer><\/article><div class='iconlist-timeline'><\/div><\/li>\n<li><a href='http:\/\/who.int\/' title='World Health Organization'  target=\"_blank\"   class='iconlist_icon avia-font-entypo-fontello'><span class='iconlist-char' aria-hidden='true' data-av_icon='\ue822' data-av_iconfont='entypo-fontello'><\/span><\/a><article class=\"article-icon-entry av-iconlist-empty\"  itemscope=\"itemscope\" itemtype=\"https:\/\/schema.org\/CreativeWork\" ><div class='iconlist_content_wrap'><header class=\"entry-content-header\"><h4 class='iconlist_title'  itemprop=\"headline\"  ><a href='http:\/\/who.int\/' title='World Health Organization' target=\"_blank\" >World Health Organization<\/a><\/h4><\/header><div class='iconlist_content '  itemprop=\"text\"  ><\/div><\/div><footer class=\"entry-footer\"><\/footer><\/article><div class='iconlist-timeline'><\/div><\/li>\n<li><a href='http:\/\/ecdc.europa.eu\/' title='European Centre for Disease Prevention and Control'  target=\"_blank\"   class='iconlist_icon avia-font-entypo-fontello'><span class='iconlist-char' aria-hidden='true' data-av_icon='\ue822' data-av_iconfont='entypo-fontello'><\/span><\/a><article class=\"article-icon-entry av-iconlist-empty\"  itemscope=\"itemscope\" itemtype=\"https:\/\/schema.org\/CreativeWork\" ><div class='iconlist_content_wrap'><header class=\"entry-content-header\"><h4 class='iconlist_title'  itemprop=\"headline\"  ><a href='http:\/\/ecdc.europa.eu\/' title='European Centre for Disease Prevention and Control' target=\"_blank\" >European Centre for Disease Prevention and Control<\/a><\/h4><\/header><div class='iconlist_content '  itemprop=\"text\"  ><\/div><\/div><footer class=\"entry-footer\"><\/footer><\/article><div class='iconlist-timeline'><\/div><\/li>\n<li><a href='http:\/\/www.srped.ro\/' title='Societatea Rom\u00e2n\u0103 de Pediatrie'  target=\"_blank\"   class='iconlist_icon avia-font-entypo-fontello'><span class='iconlist-char' aria-hidden='true' data-av_icon='\ue822' data-av_iconfont='entypo-fontello'><\/span><\/a><article class=\"article-icon-entry av-iconlist-empty\"  itemscope=\"itemscope\" itemtype=\"https:\/\/schema.org\/CreativeWork\" ><div class='iconlist_content_wrap'><header class=\"entry-content-header\"><h4 class='iconlist_title'  itemprop=\"headline\"  ><a href='http:\/\/www.srped.ro\/' title='Societatea Rom\u00e2n\u0103 de Pediatrie' target=\"_blank\" >Societatea Rom\u00e2n\u0103 de Pediatrie<\/a><\/h4><\/header><div class='iconlist_content '  itemprop=\"text\"  ><\/div><\/div><footer class=\"entry-footer\"><\/footer><\/article><div class='iconlist-timeline'><\/div><\/li>\n<li><a href='http:\/\/www.vaccineseurope.eu\/' title='Vaccines Europe'  target=\"_blank\"   class='iconlist_icon avia-font-entypo-fontello'><span class='iconlist-char' aria-hidden='true' data-av_icon='\ue822' data-av_iconfont='entypo-fontello'><\/span><\/a><article class=\"article-icon-entry av-iconlist-empty\"  itemscope=\"itemscope\" itemtype=\"https:\/\/schema.org\/CreativeWork\" ><div class='iconlist_content_wrap'><header class=\"entry-content-header\"><h4 class='iconlist_title'  itemprop=\"headline\"  ><a href='http:\/\/www.vaccineseurope.eu\/' title='Vaccines Europe' target=\"_blank\" >Vaccines Europe<\/a><\/h4><\/header><div class='iconlist_content '  itemprop=\"text\"  ><\/div><\/div><footer class=\"entry-footer\"><\/footer><\/article><div class='iconlist-timeline'><\/div><\/li>\n<li><a href='http:\/\/www.snmf.ro\/' title='Societatea Na\u021bional\u0103 de Medicina Familiei'  target=\"_blank\"   class='iconlist_icon avia-font-entypo-fontello'><span class='iconlist-char' aria-hidden='true' data-av_icon='\ue822' data-av_iconfont='entypo-fontello'><\/span><\/a><article class=\"article-icon-entry av-iconlist-empty\"  itemscope=\"itemscope\" itemtype=\"https:\/\/schema.org\/CreativeWork\" ><div class='iconlist_content_wrap'><header class=\"entry-content-header\"><h4 class='iconlist_title'  itemprop=\"headline\"  ><a href='http:\/\/www.snmf.ro\/' title='Societatea Na\u021bional\u0103 de Medicina Familiei' target=\"_blank\" >Societatea Na\u021bional\u0103 de Medicina Familiei<\/a><\/h4><\/header><div class='iconlist_content '  itemprop=\"text\"  ><\/div><\/div><footer class=\"entry-footer\"><\/footer><\/article><div class='iconlist-timeline'><\/div><\/li>\n<li><a href='http:\/\/www.edumedical.ro\/' title='EduMedical'  target=\"_blank\"   class='iconlist_icon avia-font-entypo-fontello'><span class='iconlist-char' aria-hidden='true' data-av_icon='\ue822' data-av_iconfont='entypo-fontello'><\/span><\/a><article class=\"article-icon-entry av-iconlist-empty\"  itemscope=\"itemscope\" itemtype=\"https:\/\/schema.org\/CreativeWork\" ><div class='iconlist_content_wrap'><header class=\"entry-content-header\"><h4 class='iconlist_title'  itemprop=\"headline\"  ><a href='http:\/\/www.edumedical.ro\/' title='EduMedical' target=\"_blank\" >EduMedical<\/a><\/h4><\/header><div class='iconlist_content '  itemprop=\"text\"  ><\/div><\/div><footer class=\"entry-footer\"><\/footer><\/article><div class='iconlist-timeline'><\/div><\/li>\n<li><a href='http:\/\/vaccinare.org\/' title='Centrul de informare \u0219i consiliere vaccinal\u0103'  target=\"_blank\"   class='iconlist_icon avia-font-entypo-fontello'><span class='iconlist-char' aria-hidden='true' data-av_icon='\ue822' data-av_iconfont='entypo-fontello'><\/span><\/a><article class=\"article-icon-entry av-iconlist-empty\"  itemscope=\"itemscope\" itemtype=\"https:\/\/schema.org\/CreativeWork\" ><div class='iconlist_content_wrap'><header class=\"entry-content-header\"><h4 class='iconlist_title'  itemprop=\"headline\"  ><a href='http:\/\/vaccinare.org\/' title='Centrul de informare \u0219i consiliere vaccinal\u0103' target=\"_blank\" >Centrul de informare \u0219i consiliere vaccinal\u0103<\/a><\/h4><\/header><div class='iconlist_content '  itemprop=\"text\"  ><\/div><\/div><footer class=\"entry-footer\"><\/footer><\/article><div class='iconlist-timeline'><\/div><\/li>\n<li><a href='https:\/\/www.facebook.com\/RomaniaSanatoasaCoalitie\/' title='Coali\u021bia Rom\u00e2nia S\u0103n\u0103toas\u0103'  target=\"_blank\"   class='iconlist_icon avia-font-entypo-fontello'><span class='iconlist-char' aria-hidden='true' data-av_icon='\ue822' data-av_iconfont='entypo-fontello'><\/span><\/a><article class=\"article-icon-entry av-iconlist-empty\"  itemscope=\"itemscope\" itemtype=\"https:\/\/schema.org\/CreativeWork\" ><div class='iconlist_content_wrap'><header class=\"entry-content-header\"><h4 class='iconlist_title'  itemprop=\"headline\"  ><a href='https:\/\/www.facebook.com\/RomaniaSanatoasaCoalitie\/' title='Coali\u021bia Rom\u00e2nia S\u0103n\u0103toas\u0103' target=\"_blank\" >Coali\u021bia Rom\u00e2nia S\u0103n\u0103toas\u0103<\/a><\/h4><\/header><div class='iconlist_content '  itemprop=\"text\"  ><\/div><\/div><footer class=\"entry-footer\"><\/footer><\/article><div class='iconlist-timeline'><\/div><\/li>\n<li><a href='http:\/\/www.srm.ro\/' title='Societatea Rom\u00e2n\u0103 de Microbiologie'  target=\"_blank\"   class='iconlist_icon avia-font-entypo-fontello'><span class='iconlist-char' aria-hidden='true' data-av_icon='\ue822' data-av_iconfont='entypo-fontello'><\/span><\/a><article class=\"article-icon-entry av-iconlist-empty\"  itemscope=\"itemscope\" itemtype=\"https:\/\/schema.org\/CreativeWork\" ><div class='iconlist_content_wrap'><header class=\"entry-content-header\"><h4 class='iconlist_title'  itemprop=\"headline\"  ><a href='http:\/\/www.srm.ro\/' title='Societatea Rom\u00e2n\u0103 de Microbiologie' target=\"_blank\" >Societatea Rom\u00e2n\u0103 de Microbiologie<\/a><\/h4><\/header><div class='iconlist_content '  itemprop=\"text\"  ><\/div><\/div><footer class=\"entry-footer\"><\/footer><\/article><div class='iconlist-timeline'><\/div><\/li>\n<li><a href='http:\/\/www.mamepentrumame.ro\/' title='Mame pentru Mame'  target=\"_blank\"   class='iconlist_icon avia-font-entypo-fontello'><span class='iconlist-char' aria-hidden='true' data-av_icon='\ue822' data-av_iconfont='entypo-fontello'><\/span><\/a><article class=\"article-icon-entry av-iconlist-empty\"  itemscope=\"itemscope\" itemtype=\"https:\/\/schema.org\/CreativeWork\" ><div class='iconlist_content_wrap'><header class=\"entry-content-header\"><h4 class='iconlist_title'  itemprop=\"headline\"  ><a href='http:\/\/www.mamepentrumame.ro\/' title='Mame pentru Mame' target=\"_blank\" >Mame pentru Mame<\/a><\/h4><\/header><div class='iconlist_content '  itemprop=\"text\"  ><\/div><\/div><footer class=\"entry-footer\"><\/footer><\/article><div class='iconlist-timeline'><\/div><\/li>\n<li><a href='http:\/\/www.programsamas.ro\/' title='Program de S\u0103n\u0103tate pentru Mame \u0219i Sugari'  target=\"_blank\"   class='iconlist_icon avia-font-entypo-fontello'><span class='iconlist-char' aria-hidden='true' data-av_icon='\ue822' data-av_iconfont='entypo-fontello'><\/span><\/a><article class=\"article-icon-entry av-iconlist-empty\"  itemscope=\"itemscope\" itemtype=\"https:\/\/schema.org\/CreativeWork\" ><div class='iconlist_content_wrap'><header class=\"entry-content-header\"><h4 class='iconlist_title'  itemprop=\"headline\"  ><a href='http:\/\/www.programsamas.ro\/' title='Program de S\u0103n\u0103tate pentru Mame \u0219i Sugari' target=\"_blank\" >Program de S\u0103n\u0103tate pentru Mame \u0219i Sugari<\/a><\/h4><\/header><div class='iconlist_content '  itemprop=\"text\"  ><\/div><\/div><footer class=\"entry-footer\"><\/footer><\/article><div class='iconlist-timeline'><\/div><\/li>\n<li><a href='http:\/\/www.proimunizare.ro\/' title='Asocia\u021bia Pro Imunizare'  target=\"_blank\"   class='iconlist_icon avia-font-entypo-fontello'><span class='iconlist-char' aria-hidden='true' data-av_icon='\ue822' data-av_iconfont='entypo-fontello'><\/span><\/a><article class=\"article-icon-entry av-iconlist-empty\"  itemscope=\"itemscope\" itemtype=\"https:\/\/schema.org\/CreativeWork\" ><div class='iconlist_content_wrap'><header class=\"entry-content-header\"><h4 class='iconlist_title'  itemprop=\"headline\"  ><a href='http:\/\/www.proimunizare.ro\/' title='Asocia\u021bia Pro Imunizare' target=\"_blank\" >Asocia\u021bia Pro Imunizare<\/a><\/h4><\/header><div class='iconlist_content '  itemprop=\"text\"  ><\/div><\/div><footer class=\"entry-footer\"><\/footer><\/article><div class='iconlist-timeline'><\/div><\/li>\n<li><a href='http:\/\/www.socrat.ro\/' title='Societatea Ra\u021bionalist\u0103 Rom\u00e2n\u0103'  target=\"_blank\"   class='iconlist_icon avia-font-entypo-fontello'><span class='iconlist-char' aria-hidden='true' data-av_icon='\ue822' data-av_iconfont='entypo-fontello'><\/span><\/a><article class=\"article-icon-entry av-iconlist-empty\"  itemscope=\"itemscope\" itemtype=\"https:\/\/schema.org\/CreativeWork\" ><div class='iconlist_content_wrap'><header class=\"entry-content-header\"><h4 class='iconlist_title'  itemprop=\"headline\"  ><a href='http:\/\/www.socrat.ro\/' title='Societatea Ra\u021bionalist\u0103 Rom\u00e2n\u0103' target=\"_blank\" >Societatea Ra\u021bionalist\u0103 Rom\u00e2n\u0103<\/a><\/h4><\/header><div class='iconlist_content '  itemprop=\"text\"  ><\/div><\/div><footer class=\"entry-footer\"><\/footer><\/article><div class='iconlist-timeline'><\/div><\/li>\n<li><a href='https:\/\/provaccin.wordpress.com\/' title='Pro Vaccin'  target=\"_blank\"   class='iconlist_icon avia-font-entypo-fontello'><span class='iconlist-char' aria-hidden='true' data-av_icon='\ue822' data-av_iconfont='entypo-fontello'><\/span><\/a><article class=\"article-icon-entry av-iconlist-empty\"  itemscope=\"itemscope\" itemtype=\"https:\/\/schema.org\/CreativeWork\" ><div class='iconlist_content_wrap'><header class=\"entry-content-header\"><h4 class='iconlist_title'  itemprop=\"headline\"  ><a href='https:\/\/provaccin.wordpress.com\/' title='Pro Vaccin' target=\"_blank\" >Pro Vaccin<\/a><\/h4><\/header><div class='iconlist_content '  itemprop=\"text\"  ><\/div><\/div><footer class=\"entry-footer\"><\/footer><\/article><div class='iconlist-timeline'><\/div><\/li>\n<li><a href='https:\/\/facebook.com\/groups\/vaccinuri' title='Vaccinuri \u0219i Vaccinare \u2013 clarific\u0103ri \u0219i sprijin pentru p\u0103rin\u021bi'  target=\"_blank\"   class='iconlist_icon avia-font-entypo-fontello'><span class='iconlist-char' aria-hidden='true' data-av_icon='\ue822' data-av_iconfont='entypo-fontello'><\/span><\/a><article class=\"article-icon-entry av-iconlist-empty\"  itemscope=\"itemscope\" itemtype=\"https:\/\/schema.org\/CreativeWork\" ><div class='iconlist_content_wrap'><header class=\"entry-content-header\"><h4 class='iconlist_title'  itemprop=\"headline\"  ><a href='https:\/\/facebook.com\/groups\/vaccinuri' title='Vaccinuri \u0219i Vaccinare \u2013 clarific\u0103ri \u0219i sprijin pentru p\u0103rin\u021bi' target=\"_blank\" >Vaccinuri \u0219i Vaccinare \u2013 clarific\u0103ri \u0219i sprijin pentru p\u0103rin\u021bi<\/a><\/h4><\/header><div class='iconlist_content '  itemprop=\"text\"  ><\/div><\/div><footer class=\"entry-footer\"><\/footer><\/article><div class='iconlist-timeline'><\/div><\/li>\n<li><a href='https:\/\/insulaindoielii.ro\/' title='Insula \u00cendoielii'  target=\"_blank\"   class='iconlist_icon avia-font-entypo-fontello'><span class='iconlist-char' aria-hidden='true' data-av_icon='\ue822' data-av_iconfont='entypo-fontello'><\/span><\/a><article class=\"article-icon-entry av-iconlist-empty\"  itemscope=\"itemscope\" itemtype=\"https:\/\/schema.org\/CreativeWork\" ><div class='iconlist_content_wrap'><header class=\"entry-content-header\"><h4 class='iconlist_title'  itemprop=\"headline\"  ><a href='https:\/\/insulaindoielii.ro\/' title='Insula \u00cendoielii' target=\"_blank\" >Insula \u00cendoielii<\/a><\/h4><\/header><div class='iconlist_content '  itemprop=\"text\"  ><\/div><\/div><footer class=\"entry-footer\"><\/footer><\/article><div class='iconlist-timeline'><\/div><\/li>\n<li><a href='http:\/\/www.formaremedicala.ro' title='Formare Medical\u0103'  target=\"_blank\"   class='iconlist_icon avia-font-entypo-fontello'><span class='iconlist-char' aria-hidden='true' data-av_icon='\ue822' data-av_iconfont='entypo-fontello'><\/span><\/a><article class=\"article-icon-entry av-iconlist-empty\"  itemscope=\"itemscope\" itemtype=\"https:\/\/schema.org\/CreativeWork\" ><div class='iconlist_content_wrap'><header class=\"entry-content-header\"><h4 class='iconlist_title'  itemprop=\"headline\"  ><a href='http:\/\/www.formaremedicala.ro' title='Formare Medical\u0103' target=\"_blank\" >Formare Medical\u0103<\/a><\/h4><\/header><div class='iconlist_content '  itemprop=\"text\"  ><\/div><\/div><footer class=\"entry-footer\"><\/footer><\/article><div class='iconlist-timeline'><\/div><\/li>\n<\/ul><\/div><\/div>\n","protected":false},"excerpt":{"rendered":"","protected":false},"author":1,"featured_media":1949,"parent":0,"menu_order":0,"comment_status":"closed","ping_status":"closed","template":"","meta":{"footnotes":""},"yoast_head":"<!-- This site is optimized with the Yoast SEO plugin v21.0 - https:\/\/yoast.com\/wordpress\/plugins\/seo\/ -->\n<title>Link-uri utile - Despre Vaccin<\/title>\n<meta name=\"robots\" content=\"index, follow, max-snippet:-1, max-image-preview:large, max-video-preview:-1\" \/>\n<link rel=\"canonical\" href=\"https:\/\/provaccin.ro\/desprevaccin\/link-uri-utile\/\" \/>\n<meta property=\"og:locale\" content=\"en_US\" \/>\n<meta property=\"og:type\" content=\"article\" \/>\n<meta property=\"og:title\" content=\"Link-uri utile - Despre Vaccin\" \/>\n<meta property=\"og:url\" content=\"https:\/\/provaccin.ro\/desprevaccin\/link-uri-utile\/\" \/>\n<meta property=\"og:site_name\" content=\"Despre Vaccin\" \/>\n<meta property=\"article:publisher\" content=\"https:\/\/www.facebook.com\/vaccinurilesalveazavieti\" \/>\n<meta property=\"article:modified_time\" content=\"2016-11-09T17:38:03+00:00\" \/>\n<meta property=\"og:image\" content=\"https:\/\/provaccin.ro\/desprevaccin\/wp-content\/uploads\/2016\/10\/links.jpeg\" \/>\n\t<meta property=\"og:image:width\" content=\"3456\" \/>\n\t<meta property=\"og:image:height\" content=\"2231\" \/>\n\t<meta property=\"og:image:type\" content=\"image\/jpeg\" \/>\n<meta name=\"twitter:card\" content=\"summary_large_image\" \/>\n<meta name=\"twitter:label1\" content=\"Est. reading time\" \/>\n\t<meta name=\"twitter:data1\" content=\"5 minutes\" \/>\n<script type=\"application\/ld+json\" class=\"yoast-schema-graph\">{\"@context\":\"https:\/\/schema.org\",\"@graph\":[{\"@type\":\"WebPage\",\"@id\":\"https:\/\/provaccin.ro\/desprevaccin\/link-uri-utile\/\",\"url\":\"https:\/\/provaccin.ro\/desprevaccin\/link-uri-utile\/\",\"name\":\"Link-uri utile - Despre Vaccin\",\"isPartOf\":{\"@id\":\"https:\/\/provaccin.ro\/desprevaccin\/#website\"},\"datePublished\":\"2016-10-26T13:45:24+00:00\",\"dateModified\":\"2016-11-09T17:38:03+00:00\",\"breadcrumb\":{\"@id\":\"https:\/\/provaccin.ro\/desprevaccin\/link-uri-utile\/#breadcrumb\"},\"inLanguage\":\"en-US\",\"potentialAction\":[{\"@type\":\"ReadAction\",\"target\":[\"https:\/\/provaccin.ro\/desprevaccin\/link-uri-utile\/\"]}]},{\"@type\":\"BreadcrumbList\",\"@id\":\"https:\/\/provaccin.ro\/desprevaccin\/link-uri-utile\/#breadcrumb\",\"itemListElement\":[{\"@type\":\"ListItem\",\"position\":1,\"name\":\"Prima pagin\u0103\",\"item\":\"https:\/\/provaccin.ro\/desprevaccin\/despre-vaccin\/\"},{\"@type\":\"ListItem\",\"position\":2,\"name\":\"Link-uri utile\"}]},{\"@type\":\"WebSite\",\"@id\":\"https:\/\/provaccin.ro\/desprevaccin\/#website\",\"url\":\"https:\/\/provaccin.ro\/desprevaccin\/\",\"name\":\"Despre Vaccin\",\"description\":\"Vaccinurile salveaz\u0103 vie\u021bi\",\"potentialAction\":[{\"@type\":\"SearchAction\",\"target\":{\"@type\":\"EntryPoint\",\"urlTemplate\":\"https:\/\/provaccin.ro\/desprevaccin\/?s={search_term_string}\"},\"query-input\":\"required name=search_term_string\"}],\"inLanguage\":\"en-US\"}]}<\/script>\n<!-- \/ Yoast SEO plugin. -->","yoast_head_json":{"title":"Link-uri utile - Despre Vaccin","robots":{"index":"index","follow":"follow","max-snippet":"max-snippet:-1","max-image-preview":"max-image-preview:large","max-video-preview":"max-video-preview:-1"},"canonical":"https:\/\/provaccin.ro\/desprevaccin\/link-uri-utile\/","og_locale":"en_US","og_type":"article","og_title":"Link-uri utile - Despre Vaccin","og_url":"https:\/\/provaccin.ro\/desprevaccin\/link-uri-utile\/","og_site_name":"Despre Vaccin","article_publisher":"https:\/\/www.facebook.com\/vaccinurilesalveazavieti","article_modified_time":"2016-11-09T17:38:03+00:00","og_image":[{"width":3456,"height":2231,"url":"https:\/\/provaccin.ro\/desprevaccin\/wp-content\/uploads\/2016\/10\/links.jpeg","type":"image\/jpeg"}],"twitter_card":"summary_large_image","twitter_misc":{"Est. reading time":"5 minutes"},"schema":{"@context":"https:\/\/schema.org","@graph":[{"@type":"WebPage","@id":"https:\/\/provaccin.ro\/desprevaccin\/link-uri-utile\/","url":"https:\/\/provaccin.ro\/desprevaccin\/link-uri-utile\/","name":"Link-uri utile - Despre Vaccin","isPartOf":{"@id":"https:\/\/provaccin.ro\/desprevaccin\/#website"},"datePublished":"2016-10-26T13:45:24+00:00","dateModified":"2016-11-09T17:38:03+00:00","breadcrumb":{"@id":"https:\/\/provaccin.ro\/desprevaccin\/link-uri-utile\/#breadcrumb"},"inLanguage":"en-US","potentialAction":[{"@type":"ReadAction","target":["https:\/\/provaccin.ro\/desprevaccin\/link-uri-utile\/"]}]},{"@type":"BreadcrumbList","@id":"https:\/\/provaccin.ro\/desprevaccin\/link-uri-utile\/#breadcrumb","itemListElement":[{"@type":"ListItem","position":1,"name":"Prima pagin\u0103","item":"https:\/\/provaccin.ro\/desprevaccin\/despre-vaccin\/"},{"@type":"ListItem","position":2,"name":"Link-uri utile"}]},{"@type":"WebSite","@id":"https:\/\/provaccin.ro\/desprevaccin\/#website","url":"https:\/\/provaccin.ro\/desprevaccin\/","name":"Despre Vaccin","description":"Vaccinurile salveaz\u0103 vie\u021bi","potentialAction":[{"@type":"SearchAction","target":{"@type":"EntryPoint","urlTemplate":"https:\/\/provaccin.ro\/desprevaccin\/?s={search_term_string}"},"query-input":"required name=search_term_string"}],"inLanguage":"en-US"}]}},"_links":{"self":[{"href":"https:\/\/provaccin.ro\/desprevaccin\/wp-json\/wp\/v2\/pages\/1162"}],"collection":[{"href":"https:\/\/provaccin.ro\/desprevaccin\/wp-json\/wp\/v2\/pages"}],"about":[{"href":"https:\/\/provaccin.ro\/desprevaccin\/wp-json\/wp\/v2\/types\/page"}],"author":[{"embeddable":true,"href":"https:\/\/provaccin.ro\/desprevaccin\/wp-json\/wp\/v2\/users\/1"}],"replies":[{"embeddable":true,"href":"https:\/\/provaccin.ro\/desprevaccin\/wp-json\/wp\/v2\/comments?post=1162"}],"version-history":[{"count":16,"href":"https:\/\/provaccin.ro\/desprevaccin\/wp-json\/wp\/v2\/pages\/1162\/revisions"}],"predecessor-version":[{"id":3345,"href":"https:\/\/provaccin.ro\/desprevaccin\/wp-json\/wp\/v2\/pages\/1162\/revisions\/3345"}],"wp:featuredmedia":[{"embeddable":true,"href":"https:\/\/provaccin.ro\/desprevaccin\/wp-json\/wp\/v2\/media\/1949"}],"wp:attachment":[{"href":"https:\/\/provaccin.ro\/desprevaccin\/wp-json\/wp\/v2\/media?parent=1162"}],"curies":[{"name":"wp","href":"https:\/\/api.w.org\/{rel}","templated":true}]}}