{"id":1147,"date":"2016-10-26T13:28:16","date_gmt":"2016-10-26T13:28:16","guid":{"rendered":"http:\/\/desprevaccin.ro\/?page_id=1147"},"modified":"2016-11-15T18:50:02","modified_gmt":"2016-11-15T16:50:02","slug":"vaccinuri-optionale","status":"publish","type":"page","link":"https:\/\/provaccin.ro\/desprevaccin\/vaccinuri-optionale\/","title":{"rendered":"Vaccinuri op\u021bionale"},"content":{"rendered":"<\/div><\/div><\/div><!-- close content main div --><\/div><\/div><div id='av_section_1' class='avia-section main_color avia-section-huge avia-no-border-styling avia-full-stretch av-parallax-section av-section-color-overlay-active avia-bg-style-parallax  av-minimum-height av-minimum-height-50 container_wrap fullsize'  data-section-bg-repeat='stretch' ><div class='av-parallax' data-avia-parallax-ratio='0.3' ><div class='av-parallax-inner main_color  avia-full-stretch' style = 'background-repeat: no-repeat; background-image: url(https:\/\/provaccin.ro\/desprevaccin\/wp-content\/uploads\/2016\/10\/vaccin-optional-1500x1001.jpeg); background-attachment: scroll; background-position: center center; ' ><\/div><\/div><div class='av-section-color-overlay-wrap'><div class='av-section-color-overlay' style='opacity: 0.7; background-color: #177e89; '><\/div><a href='#next-section' title='' class='scroll-down-link' aria-hidden='true' data-av_icon='\ue877' data-av_iconfont='entypo-fontello'><\/a><div class='container' ><div class='template-page content  av-content-full alpha units'><div class='post-entry post-entry-type-page post-entry-1147'><div class='entry-content-wrapper clearfix'>\n<div class=\"flex_column av_one_fifth  flex_column_div first  \" ><\/div><div class=\"flex_column av_three_fifth  flex_column_div av-zero-column-padding   \" style='border-radius:0px; '><p><div style='padding-bottom:10px;color:#ffffff;font-size:40px;' class='av-special-heading av-special-heading-h1 custom-color-heading blockquote modern-quote modern-centered  av-inherit-size'><h1 class='av-special-heading-tag'  itemprop=\"headline\"  >Alte vaccinuri recomandate<\/h1><div class='special-heading-border'><div class='special-heading-inner-border' style='border-color:#ffffff'><\/div><\/div><\/div><br \/>\n<div style=' margin-top:40px; margin-bottom:40px;'  class='hr hr-custom hr-center hr-icon-no '><span class='hr-inner   inner-border-av-border-fat' style=' width:50px; border-color:#ffffff;' ><span class='hr-inner-style'><\/span><\/span><\/div><\/p><\/div><div class=\"flex_column av_one_fifth  flex_column_div av-zero-column-padding   \" style='border-radius:0px; '><\/div>\n\n<\/div><\/div><\/div><!-- close content main div --><\/div><\/div><\/div><div id='av_section_2' class='avia-section main_color avia-section-default avia-no-shadow avia-bg-style-scroll  container_wrap fullsize'   ><div class='container' ><div class='template-page content  av-content-full alpha units'><div class='post-entry post-entry-type-page post-entry-1147'><div class='entry-content-wrapper clearfix'>\n<div class='flex_column_table av-equal-height-column-flextable' ><div class=\"flex_column av_one_half  flex_column_table_cell av-equal-height-column av-align-top av-zero-column-padding first  \" style='border-radius:0px; '><p><div style='padding-bottom:10px;color:#0a0a0a;' class='av-special-heading av-special-heading-h3 custom-color-heading blockquote modern-quote modern-centered  '><h3 class='av-special-heading-tag'  itemprop=\"headline\"  >Rotaviral<\/h3><div class='special-heading-border'><div class='special-heading-inner-border' style='border-color:#0a0a0a'><\/div><\/div><\/div><br \/>\n<div style=' margin-top:20px; margin-bottom:20px;'  class='hr hr-custom hr-center hr-icon-no '><span class='hr-inner   inner-border-av-border-thin' style=' width:100px; border-color:#919191;' ><span class='hr-inner-style'><\/span><\/span><\/div><br \/>\n<section class=\"av_textblock_section\"  itemscope=\"itemscope\" itemtype=\"https:\/\/schema.org\/CreativeWork\" ><div class='avia_textblock  av_inherit_color'  style='color:#0a0a0a; '  itemprop=\"text\" ><p>Rotaviral este un vaccin cu virus viu atenuat care protejeaz\u0103 \u00eempotriva diareei produs\u0103 de rotavirus. Se administreaz\u0103 oral, dou\u0103 sau trei doze \u00eencep\u00e2nd cu primele \u0219ase s\u0103pt\u0103m\u00e2ni de via\u021b\u0103, cu interval de cel pu\u021bin 30 de zile \u00eentre doze.<\/p>\n<\/div><\/section><\/p><\/div><div class='av-flex-placeholder'><\/div><div class=\"flex_column av_one_half  flex_column_table_cell av-equal-height-column av-align-top av-zero-column-padding   \" style='border-radius:0px; '><p><div style='padding-bottom:10px;color:#0a0a0a;' class='av-special-heading av-special-heading-h3 custom-color-heading blockquote modern-quote modern-centered  '><h3 class='av-special-heading-tag'  itemprop=\"headline\"  >Varicelic<\/h3><div class='special-heading-border'><div class='special-heading-inner-border' style='border-color:#0a0a0a'><\/div><\/div><\/div><br \/>\n<div style=' margin-top:20px; margin-bottom:20px;'  class='hr hr-custom hr-center hr-icon-no '><span class='hr-inner   inner-border-av-border-thin' style=' width:100px; border-color:#919191;' ><span class='hr-inner-style'><\/span><\/span><\/div><br \/>\n<section class=\"av_textblock_section\"  itemscope=\"itemscope\" itemtype=\"https:\/\/schema.org\/CreativeWork\" ><div class='avia_textblock  av_inherit_color'  style='color:#0a0a0a; '  itemprop=\"text\" ><p>Este un vaccin cu virus viu atenuat (tulpina Oka), care ne protejeaz\u0103 \u00eempotriva varicelei, boal\u0103 cunoscut\u0103 popular sub numele de &#8220;bubatul mare&#8221; sau &#8220;v\u0103rsat de v\u00e2nt&#8221;. Se fac dou\u0103 doze de vaccin, la distan\u021b\u0103 de \u0219ase s\u0103pt\u0103m\u00e2ni. Se administreaz\u0103 injectabil, subcutanat, adul\u021bilor \u0219i copiilor, \u00eencep\u00e2nd cu v\u00e2rsta de nou\u0103 luni.<\/p>\n<\/div><\/section><\/p><\/div><\/div><!--close column table wrapper. Autoclose:  --><div  class='hr hr-default '><span class='hr-inner ' ><span class='hr-inner-style'><\/span><\/span><\/div>\n<div class='flex_column_table av-equal-height-column-flextable' ><div class=\"flex_column av_one_half  flex_column_table_cell av-equal-height-column av-align-top av-zero-column-padding first  \" style='border-radius:0px; '><p><div style='padding-bottom:10px;color:#0a0a0a;' class='av-special-heading av-special-heading-h3 custom-color-heading blockquote modern-quote modern-centered  '><h3 class='av-special-heading-tag'  itemprop=\"headline\"  >Meningococic<\/h3><div class='special-heading-border'><div class='special-heading-inner-border' style='border-color:#0a0a0a'><\/div><\/div><\/div><br \/>\n<div style=' margin-top:20px; margin-bottom:20px;'  class='hr hr-custom hr-center hr-icon-no '><span class='hr-inner   inner-border-av-border-thin' style=' width:100px; border-color:#919191;' ><span class='hr-inner-style'><\/span><\/span><\/div><br \/>\n<section class=\"av_textblock_section\"  itemscope=\"itemscope\" itemtype=\"https:\/\/schema.org\/CreativeWork\" ><div class='avia_textblock  av_inherit_color'  style='color:#0a0a0a; '  itemprop=\"text\" ><p>Vaccinul Meningococic previne anumite forme de boli produse de meningococ (meningite). \u00cen func\u021bie de tipul de vaccin, se administreaz\u0103 una sau mai multe doze, la v\u00e2rste diferite.<\/p>\n<\/div><\/section><\/p><\/div><div class='av-flex-placeholder'><\/div><div class=\"flex_column av_one_half  flex_column_table_cell av-equal-height-column av-align-top av-zero-column-padding   \" style='border-radius:0px; '><p><div style='padding-bottom:10px;color:#0a0a0a;' class='av-special-heading av-special-heading-h3 custom-color-heading blockquote modern-quote modern-centered '><h3 class='av-special-heading-tag'  itemprop=\"headline\"  >Hepatitic A<\/h3><div class='special-heading-border'><div class='special-heading-inner-border' style='border-color:#0a0a0a'><\/div><\/div><\/div><br \/>\n<div style=' margin-top:20px; margin-bottom:20px;'  class='hr hr-custom hr-center hr-icon-no '><span class='hr-inner   inner-border-av-border-thin' style=' width:100px; border-color:#919191;' ><span class='hr-inner-style'><\/span><\/span><\/div><br \/>\n<section class=\"av_textblock_section\"  itemscope=\"itemscope\" itemtype=\"https:\/\/schema.org\/CreativeWork\" ><div class='avia_textblock  av_inherit_color'  style='color:#0a0a0a; '  itemprop=\"text\" ><p>Vaccinul hepatitic A se administreaz\u0103 \u00eentr-o singur\u0103 doz\u0103, cu revaccinare la \u0219ase-12 luni. Protejeaz\u0103 \u00eempotriva Hepatitei A (boala m\u00e2inilor murdare).<\/p>\n<\/div><\/section><\/p><\/div><\/div><!--close column table wrapper. Autoclose:  --><div  class='hr hr-default '><span class='hr-inner ' ><span class='hr-inner-style'><\/span><\/span><\/div>\n<div class='flex_column_table av-equal-height-column-flextable' ><div class=\"flex_column av_one_half  flex_column_table_cell av-equal-height-column av-align-top av-zero-column-padding first  \" style='border-radius:0px; '><p><div style='padding-bottom:10px;color:#0a0a0a;' class='av-special-heading av-special-heading-h3 custom-color-heading blockquote modern-quote modern-centered  '><h3 class='av-special-heading-tag'  itemprop=\"headline\"  >HPV<\/h3><div class='special-heading-border'><div class='special-heading-inner-border' style='border-color:#0a0a0a'><\/div><\/div><\/div><br \/>\n<div style=' margin-top:20px; margin-bottom:20px;'  class='hr hr-custom hr-center hr-icon-no '><span class='hr-inner   inner-border-av-border-thin' style=' width:100px; border-color:#919191;' ><span class='hr-inner-style'><\/span><\/span><\/div><br \/>\n<section class=\"av_textblock_section\"  itemscope=\"itemscope\" itemtype=\"https:\/\/schema.org\/CreativeWork\" ><div class='avia_textblock  av_inherit_color'  style='color:#0a0a0a; '  itemprop=\"text\" ><p>Vaccinul HPV, bivalent, tetravalent \u0219i nanovalent, se face intramuscular. Optim, se administreaz\u0103 \u00eentre dou\u0103 sau trei doze, \u00eentre nou\u0103 \u0219i 26 de ani. Se poate face \u0219i mai t\u00e2rziu, la recomandarea medicului.<\/p>\n<p>Protejeaz\u0103 \u00eempotriva cancerului de col uterin, leziuni precanceroase ale colului, anumite forme de cancer laringian, cancerul vulvar, vaginal, penian, anal. Vaccinul tetravalent protejeaz\u0103 \u0219i \u00eempotriva condilomatezei acuminate (vegeta\u021bii veneriene).<\/p>\n<\/div><\/section><\/p><\/div><div class='av-flex-placeholder'><\/div><div class=\"flex_column av_one_half  flex_column_table_cell av-equal-height-column av-align-top av-zero-column-padding   \" style='border-radius:0px; '><\/div><\/div><!--close column table wrapper. Autoclose:  -->\n","protected":false},"excerpt":{"rendered":"","protected":false},"author":1,"featured_media":1846,"parent":0,"menu_order":0,"comment_status":"closed","ping_status":"closed","template":"","meta":{"footnotes":""},"yoast_head":"<!-- This site is optimized with the Yoast SEO plugin v21.0 - https:\/\/yoast.com\/wordpress\/plugins\/seo\/ -->\n<title>Vaccinuri op\u021bionale - Despre Vaccin<\/title>\n<meta name=\"description\" content=\"Vaccinuri optionale apobate si recomandate: rotaviral, varicelic, meningococic, hepatita A, HPV. Rotaviral este un vaccin cu virus viu atenuat ...\" \/>\n<meta name=\"robots\" content=\"index, follow, max-snippet:-1, max-image-preview:large, max-video-preview:-1\" \/>\n<link rel=\"canonical\" href=\"https:\/\/provaccin.ro\/desprevaccin\/vaccinuri-optionale\/\" \/>\n<meta property=\"og:locale\" content=\"en_US\" \/>\n<meta property=\"og:type\" content=\"article\" \/>\n<meta property=\"og:title\" content=\"Vaccinuri op\u021bionale - Despre Vaccin\" \/>\n<meta property=\"og:description\" content=\"Vaccinuri optionale apobate si recomandate: rotaviral, varicelic, meningococic, hepatita A, HPV. Rotaviral este un vaccin cu virus viu atenuat ...\" \/>\n<meta property=\"og:url\" content=\"https:\/\/provaccin.ro\/desprevaccin\/vaccinuri-optionale\/\" \/>\n<meta property=\"og:site_name\" content=\"Despre Vaccin\" \/>\n<meta property=\"article:publisher\" content=\"https:\/\/www.facebook.com\/vaccinurilesalveazavieti\" \/>\n<meta property=\"article:modified_time\" content=\"2016-11-15T16:50:02+00:00\" \/>\n<meta property=\"og:image\" content=\"https:\/\/provaccin.ro\/desprevaccin\/wp-content\/uploads\/2016\/10\/vaccin-optional-1030x687.jpeg\" \/>\n\t<meta property=\"og:image:width\" content=\"1030\" \/>\n\t<meta property=\"og:image:height\" content=\"687\" \/>\n\t<meta property=\"og:image:type\" content=\"image\/jpeg\" \/>\n<meta name=\"twitter:card\" content=\"summary_large_image\" \/>\n<meta name=\"twitter:label1\" content=\"Est. reading time\" \/>\n\t<meta name=\"twitter:data1\" content=\"7 minutes\" \/>\n<script type=\"application\/ld+json\" class=\"yoast-schema-graph\">{\"@context\":\"https:\/\/schema.org\",\"@graph\":[{\"@type\":\"WebPage\",\"@id\":\"https:\/\/provaccin.ro\/desprevaccin\/vaccinuri-optionale\/\",\"url\":\"https:\/\/provaccin.ro\/desprevaccin\/vaccinuri-optionale\/\",\"name\":\"Vaccinuri op\u021bionale - Despre Vaccin\",\"isPartOf\":{\"@id\":\"https:\/\/provaccin.ro\/desprevaccin\/#website\"},\"datePublished\":\"2016-10-26T13:28:16+00:00\",\"dateModified\":\"2016-11-15T16:50:02+00:00\",\"description\":\"Vaccinuri optionale apobate si recomandate: rotaviral, varicelic, meningococic, hepatita A, HPV. Rotaviral este un vaccin cu virus viu atenuat ...\",\"breadcrumb\":{\"@id\":\"https:\/\/provaccin.ro\/desprevaccin\/vaccinuri-optionale\/#breadcrumb\"},\"inLanguage\":\"en-US\",\"potentialAction\":[{\"@type\":\"ReadAction\",\"target\":[\"https:\/\/provaccin.ro\/desprevaccin\/vaccinuri-optionale\/\"]}]},{\"@type\":\"BreadcrumbList\",\"@id\":\"https:\/\/provaccin.ro\/desprevaccin\/vaccinuri-optionale\/#breadcrumb\",\"itemListElement\":[{\"@type\":\"ListItem\",\"position\":1,\"name\":\"Prima pagin\u0103\",\"item\":\"https:\/\/provaccin.ro\/desprevaccin\/despre-vaccin\/\"},{\"@type\":\"ListItem\",\"position\":2,\"name\":\"Vaccinuri op\u021bionale\"}]},{\"@type\":\"WebSite\",\"@id\":\"https:\/\/provaccin.ro\/desprevaccin\/#website\",\"url\":\"https:\/\/provaccin.ro\/desprevaccin\/\",\"name\":\"Despre Vaccin\",\"description\":\"Vaccinurile salveaz\u0103 vie\u021bi\",\"potentialAction\":[{\"@type\":\"SearchAction\",\"target\":{\"@type\":\"EntryPoint\",\"urlTemplate\":\"https:\/\/provaccin.ro\/desprevaccin\/?s={search_term_string}\"},\"query-input\":\"required name=search_term_string\"}],\"inLanguage\":\"en-US\"}]}<\/script>\n<!-- \/ Yoast SEO plugin. -->","yoast_head_json":{"title":"Vaccinuri op\u021bionale - Despre Vaccin","description":"Vaccinuri optionale apobate si recomandate: rotaviral, varicelic, meningococic, hepatita A, HPV. Rotaviral este un vaccin cu virus viu atenuat ...","robots":{"index":"index","follow":"follow","max-snippet":"max-snippet:-1","max-image-preview":"max-image-preview:large","max-video-preview":"max-video-preview:-1"},"canonical":"https:\/\/provaccin.ro\/desprevaccin\/vaccinuri-optionale\/","og_locale":"en_US","og_type":"article","og_title":"Vaccinuri op\u021bionale - Despre Vaccin","og_description":"Vaccinuri optionale apobate si recomandate: rotaviral, varicelic, meningococic, hepatita A, HPV. Rotaviral este un vaccin cu virus viu atenuat ...","og_url":"https:\/\/provaccin.ro\/desprevaccin\/vaccinuri-optionale\/","og_site_name":"Despre Vaccin","article_publisher":"https:\/\/www.facebook.com\/vaccinurilesalveazavieti","article_modified_time":"2016-11-15T16:50:02+00:00","og_image":[{"width":1030,"height":687,"url":"https:\/\/provaccin.ro\/desprevaccin\/wp-content\/uploads\/2016\/10\/vaccin-optional-1030x687.jpeg","type":"image\/jpeg"}],"twitter_card":"summary_large_image","twitter_misc":{"Est. reading time":"7 minutes"},"schema":{"@context":"https:\/\/schema.org","@graph":[{"@type":"WebPage","@id":"https:\/\/provaccin.ro\/desprevaccin\/vaccinuri-optionale\/","url":"https:\/\/provaccin.ro\/desprevaccin\/vaccinuri-optionale\/","name":"Vaccinuri op\u021bionale - Despre Vaccin","isPartOf":{"@id":"https:\/\/provaccin.ro\/desprevaccin\/#website"},"datePublished":"2016-10-26T13:28:16+00:00","dateModified":"2016-11-15T16:50:02+00:00","description":"Vaccinuri optionale apobate si recomandate: rotaviral, varicelic, meningococic, hepatita A, HPV. Rotaviral este un vaccin cu virus viu atenuat ...","breadcrumb":{"@id":"https:\/\/provaccin.ro\/desprevaccin\/vaccinuri-optionale\/#breadcrumb"},"inLanguage":"en-US","potentialAction":[{"@type":"ReadAction","target":["https:\/\/provaccin.ro\/desprevaccin\/vaccinuri-optionale\/"]}]},{"@type":"BreadcrumbList","@id":"https:\/\/provaccin.ro\/desprevaccin\/vaccinuri-optionale\/#breadcrumb","itemListElement":[{"@type":"ListItem","position":1,"name":"Prima pagin\u0103","item":"https:\/\/provaccin.ro\/desprevaccin\/despre-vaccin\/"},{"@type":"ListItem","position":2,"name":"Vaccinuri op\u021bionale"}]},{"@type":"WebSite","@id":"https:\/\/provaccin.ro\/desprevaccin\/#website","url":"https:\/\/provaccin.ro\/desprevaccin\/","name":"Despre Vaccin","description":"Vaccinurile salveaz\u0103 vie\u021bi","potentialAction":[{"@type":"SearchAction","target":{"@type":"EntryPoint","urlTemplate":"https:\/\/provaccin.ro\/desprevaccin\/?s={search_term_string}"},"query-input":"required name=search_term_string"}],"inLanguage":"en-US"}]}},"_links":{"self":[{"href":"https:\/\/provaccin.ro\/desprevaccin\/wp-json\/wp\/v2\/pages\/1147"}],"collection":[{"href":"https:\/\/provaccin.ro\/desprevaccin\/wp-json\/wp\/v2\/pages"}],"about":[{"href":"https:\/\/provaccin.ro\/desprevaccin\/wp-json\/wp\/v2\/types\/page"}],"author":[{"embeddable":true,"href":"https:\/\/provaccin.ro\/desprevaccin\/wp-json\/wp\/v2\/users\/1"}],"replies":[{"embeddable":true,"href":"https:\/\/provaccin.ro\/desprevaccin\/wp-json\/wp\/v2\/comments?post=1147"}],"version-history":[{"count":61,"href":"https:\/\/provaccin.ro\/desprevaccin\/wp-json\/wp\/v2\/pages\/1147\/revisions"}],"predecessor-version":[{"id":3394,"href":"https:\/\/provaccin.ro\/desprevaccin\/wp-json\/wp\/v2\/pages\/1147\/revisions\/3394"}],"wp:featuredmedia":[{"embeddable":true,"href":"https:\/\/provaccin.ro\/desprevaccin\/wp-json\/wp\/v2\/media\/1846"}],"wp:attachment":[{"href":"https:\/\/provaccin.ro\/desprevaccin\/wp-json\/wp\/v2\/media?parent=1147"}],"curies":[{"name":"wp","href":"https:\/\/api.w.org\/{rel}","templated":true}]}}